{"id":10,"date":"2016-09-15T15:55:10","date_gmt":"2016-09-15T15:55:10","guid":{"rendered":"http:\/\/fondslesbien.org\/?page_id=10"},"modified":"2019-07-11T17:17:14","modified_gmt":"2019-07-11T17:17:14","slug":"agir-ensemble","status":"publish","type":"page","link":"https:\/\/www.fondslesbien.org\/en\/agir-ensemble\/","title":{"rendered":"Agir ensemble"},"content":{"rendered":"<div id=\"cmsmasters_row_l41mqhqm37\" class=\"cmsmasters_row cmsmasters_color_scheme_default cmsmasters_row_top_default cmsmasters_row_bot_default cmsmasters_row_boxed\">\n<div class=\"cmsmasters_row_outer_parent\">\n<div class=\"cmsmasters_row_outer\">\n<div class=\"cmsmasters_row_inner\">\n<div class=\"cmsmasters_row_margin\">\n<div class=\"cmsmasters_column one_first\">\n<div class=\"cmsmasters_text\">\n<h3>Le fonds de dotation ne re\u00e7oit aucune subvention, il fonctionne uniquement gr\u00e2ce \u00e0 la g\u00e9n\u00e9rosit\u00e9 des\u00a0donatrices et donateurs.<br \/>\nIl existe de nombreuses fa\u00e7ons de soutenir la LIG :<\/h3>\n<\/div>\n<\/div>\n<\/div>\n<\/div>\n<\/div>\n<\/div>\n<\/div>\n<div id=\"cmsmasters_row_\" class=\"cmsmasters_row cmsmasters_color_scheme_default cmsmasters_row_top_default cmsmasters_row_bot_default cmsmasters_row_boxed\">\n<div class=\"cmsmasters_row_outer_parent\">\n<div class=\"cmsmasters_row_outer\">\n<div class=\"cmsmasters_row_inner\">\n<div class=\"cmsmasters_row_margin\">\n<div class=\"cmsmasters_column one_half\">\n<div class=\"cmsmasters_text\">\n<h3>Vous souhaitez participer au financement de projets\u00a0<span style=\"color: #850c70;\"><strong>d\u00e8s \u00e0 pr\u00e9sent<\/strong><\/span> en faisant :<\/h3>\n<\/div>\n<div id=\"cmsmasters_heading_\" class=\"cmsmasters_heading_wrap cmsmasters_heading_align_left\">\n\t<h1 class=\"cmsmasters_heading\">Un don<\/h1>\n<\/div><div class=\"cmsmasters_text\">\n<p>Il peut \u00eatre ponctuel ou r\u00e9gulier, modeste ou cons\u00e9quent. Tout don ouvre le droit \u00e0 une r\u00e9duction d&#8217;imp\u00f4t sur le revenu \u00e9gale \u00e0 66% du montant des sommes vers\u00e9es, dans la limite de 20% du revenu imposable. Je souhaite <a href=\"http:\/\/fondslesbien.org\/index.php\/faire-un-don\/\">faire un don maintenant<\/a>.<\/p>\n<p>Tout don s\u2019accompagne d\u2019un re\u00e7u fiscal adress\u00e9 par le Fonds de dotation qui sert de justificatif pour l\u2019administration fiscale.<\/p>\n<p>Pour les entreprises, le don est d\u00e9ductible \u00e0 60% de l\u2019Imp\u00f4t sur les Soci\u00e9t\u00e9s dans la limite de 5 \u2030 du chiffre d\u2019affaires.<\/p>\n<\/div>\n<div id=\"cmsmasters_heading_\" class=\"cmsmasters_heading_wrap cmsmasters_heading_align_left\">\n\t<h1 class=\"cmsmasters_heading\">Une donation<\/h1>\n<\/div><div class=\"cmsmasters_text\">\n<p>C&#8217;est\u00a0un acte r\u00e9dig\u00e9 par une notaire qui porte sur vos biens mobiliers ou immobiliers qui\u00a0permet de transf\u00e9rer de votre vivant les droits ou la propri\u00e9t\u00e9 de votre bien au fonds de dotation.<\/p>\n<\/div>\n<div id=\"cmsmasters_heading_\" class=\"cmsmasters_heading_wrap cmsmasters_heading_align_left\">\n\t<h1 class=\"cmsmasters_heading\">Une donation temporaire d&#8217;usufruit<\/h1>\n<\/div><div class=\"cmsmasters_text\">\n<p>R\u00e9duire son ISF avec la donation temporaire d\u2019usufruit : vous pouvez donner temporairement l\u2019usufruit d\u2019un bien (portefeuille ou bien immobilier). Il sort alors de votre patrimoine imposable et vous permet de ne pas d\u00e9passer le seuil d\u2019imposition \u00e0 l\u2019ISF.<\/p>\n<\/div>\n<\/div>\n<div class=\"cmsmasters_column one_half\">\n<div class=\"cmsmasters_text\">\n<h3>Vous souhaitez financer des projets <span style=\"color: #850c70;\"><strong>plus tard<\/strong><\/span>. Vous pouvez pr\u00e9voir l&#8217;avenir gr\u00e2ce \u00e0 :<\/h3>\n<\/div>\n<div id=\"cmsmasters_heading_\" class=\"cmsmasters_heading_wrap cmsmasters_heading_align_left\">\n\t<h1 class=\"cmsmasters_heading\">Un legs<\/h1>\n<\/div><div class=\"cmsmasters_text\">\n<p>Vous pouvez transmettre tout ou partie de votre matrimoine ou patrimoine \u00e0 la LIG. Cette d\u00e9marche se pr\u00e9pare avec l&#8217;aide d&#8217;un-e notaire \u00e0 laquelle vous \u00e9tudierez la meilleure mani\u00e8re de distribuer vos biens.<\/p>\n<\/div>\n<div id=\"cmsmasters_heading_\" class=\"cmsmasters_heading_wrap cmsmasters_heading_align_left\">\n\t<h1 class=\"cmsmasters_heading\">Une assurance vie<\/h1>\n<\/div><div class=\"cmsmasters_text\">\n<p>Le fonds de dotation peut tout \u00e0 fait \u00eatre b\u00e9n\u00e9ficiaire d&#8217;une assurance vie\u00a0pour partie ou en totalit\u00e9. C\u2019est un geste simple qui ne n\u00e9cessite pas l\u2019intervention d\u2019un-e notaire. Si vous \u00eates d\u00e9j\u00e0 titulaire d\u2019un contrat, vous pouvez modifier celui-ci par un avenant d\u00e9signant le fonds de dotation\u00a0comme b\u00e9n\u00e9ficiaire.<\/p>\n<p>Lors de votre d\u00e9c\u00e8s, le legs ou l&#8217;assurance vie sont vers\u00e9s directement \u00e0\u00a0la LIG. Ils n\u2019entrent pas dans le cadre de la succession et sont exon\u00e9r\u00e9s de droits de mutation. Par exemple, si vous l\u00e9guez 200 000 euros, la LIG percevra la somme en totalit\u00e9.<\/p>\n<p>Pour toute question, n&#8217;h\u00e9sitez pas \u00e0 nous contacter : <a href=\"mailto:donatrices@fondslesbien.org\">donatrices@fondslesbien.org<\/a><\/p>\n<\/div>\n<\/div>\n<\/div>\n<\/div>\n<\/div>\n<\/div>\n<\/div>\n<div id=\"cmsmasters_row_4jrtyhgcrl\" class=\"cmsmasters_row cmsmasters_color_scheme_default cmsmasters_row_top_default cmsmasters_row_bot_default cmsmasters_row_boxed\">\n<div class=\"cmsmasters_row_outer_parent\">\n<div class=\"cmsmasters_row_outer\">\n<div class=\"cmsmasters_row_inner\">\n<div class=\"cmsmasters_row_margin\">\n<div class=\"cmsmasters_column one_first\">\n<div id=\"cmsmasters_divider_\" class=\"cmsmasters_divider cmsmasters_divider_width_long cmsmasters_divider_pos_center\"><\/div>\n<div class=\"cmsmasters_text\">\n<h2>Votre don peut prendre la forme :<\/h2>\n<\/div>\n<\/div>\n<\/div>\n<\/div>\n<\/div>\n<\/div>\n<\/div>\n<div id=\"cmsmasters_row_iih09t0iok\" class=\"cmsmasters_row cmsmasters_color_scheme_default cmsmasters_row_top_default cmsmasters_row_bot_default cmsmasters_row_boxed\">\n<div class=\"cmsmasters_row_outer_parent\">\n<div class=\"cmsmasters_row_outer\">\n<div class=\"cmsmasters_row_inner\">\n<div class=\"cmsmasters_row_margin\">\n<div class=\"cmsmasters_column one_third\">\n<div id=\"cmsmasters_heading_\" class=\"cmsmasters_heading_wrap cmsmasters_heading_align_left\">\n\t<h1 class=\"cmsmasters_heading\">Par ch\u00e8que<\/h1>\n<\/div><div class=\"cmsmasters_text\">\n<p>Merci de r\u00e9diger votre ch\u00e8que \u00e0 l\u2019ordre du <em>Fonds de dotation Lesbiennes d\u2019Int\u00e9r\u00eat G\u00e9n\u00e9ral<\/em> et de l&#8217;envoyer avec <a href=\"http:\/\/fondslesbien.org\/index.php\/faire-un-don\/\">le formulaire de don<\/a>\u00a0\u00e0 l&#8217;adresse suivante :<\/p>\n<p>La LIG &#8211; s\/c Centre LGBT Paris-Ile-de-France &#8211; 63, rue Beaubourg &#8211; 75003 Paris<\/p>\n<\/div>\n<\/div>\n<div class=\"cmsmasters_column one_third\">\n<div id=\"cmsmasters_heading_\" class=\"cmsmasters_heading_wrap cmsmasters_heading_align_left\">\n\t<h1 class=\"cmsmasters_heading\">Par virement<\/h1>\n<\/div><div class=\"cmsmasters_text\">\n<p>Vous pouvez mettre en place un virement ponctuel ou r\u00e9gulier (toute contribution est pr\u00e9cieuse) en utilisant ces r\u00e9f\u00e9rences bancaires :<\/p>\n<p>IBAN : FR76 4255 9000 0841 0200 4081 951<\/p>\n<p>Merci de nous signaler votre virement en nous retournant le formulaire de don, indispensable pour \u00e9tablir votre re\u00e7u fiscal.<\/p>\n<\/div>\n<\/div>\n<div class=\"cmsmasters_column one_third\">\n<div id=\"cmsmasters_heading_\" class=\"cmsmasters_heading_wrap cmsmasters_heading_align_left\">\n\t<h1 class=\"cmsmasters_heading\">Faire un don en ligne<\/h1>\n<\/div><div class=\"cmsmasters_text\">\n<p>Directement sur cette <a href=\"http:\/\/fondslesbien.org\/faire-un-don\/\" target=\"_blank\" rel=\"noopener noreferrer\">page.<\/a><\/p>\n<\/div>\n<\/div>\n<\/div>\n<\/div>\n<\/div>\n<\/div>\n<\/div>\n<div id=\"cmsmasters_row_gp4tzglrm\" class=\"cmsmasters_row cmsmasters_color_scheme_default cmsmasters_row_top_default cmsmasters_row_bot_default cmsmasters_row_boxed\">\n<div class=\"cmsmasters_row_outer_parent\">\n<div class=\"cmsmasters_row_outer\">\n<div class=\"cmsmasters_row_inner\">\n<div class=\"cmsmasters_row_margin\">\n<div class=\"cmsmasters_column one_first\">\n<div class=\"cmsmasters_text\">\n<h2>Autre fa\u00e7on de nous soutenir :<\/h2>\n<\/div>\n<\/div>\n<\/div>\n<\/div>\n<\/div>\n<\/div>\n<\/div>\n<div id=\"cmsmasters_row_9t8v1gj1ku\" class=\"cmsmasters_row cmsmasters_color_scheme_default cmsmasters_row_top_default cmsmasters_row_bot_default cmsmasters_row_boxed\">\n<div class=\"cmsmasters_row_outer_parent\">\n<div class=\"cmsmasters_row_outer\">\n<div class=\"cmsmasters_row_inner\">\n<div class=\"cmsmasters_row_margin\">\n<div class=\"cmsmasters_column one_third\">\n<div id=\"cmsmasters_heading_\" class=\"cmsmasters_heading_wrap cmsmasters_heading_align_left\">\n\t<h1 class=\"cmsmasters_heading cmsmasters-icon-custom-speaker\"><\/h1>\n<\/div><div class=\"cmsmasters_text\">\n<p>En organisant une r\u00e9union de pr\u00e9sentation de la LIG dans votre association.<\/p>\n<\/div>\n<\/div>\n<div class=\"cmsmasters_column one_third\">\n<div id=\"cmsmasters_heading_\" class=\"cmsmasters_heading_wrap cmsmasters_heading_align_left\">\n\t<h1 class=\"cmsmasters_heading cmsmasters-icon-custom-register\"><\/h1>\n<\/div><div class=\"cmsmasters_text\">\n<p class=\"p1\"><span class=\"s1\">En mettant \u00e0 disposition vos comp\u00e9tences d\u2019avocate, de notaire ou d\u2019experte financi\u00e8re.<\/span><\/p>\n<\/div>\n<\/div>\n<div class=\"cmsmasters_column one_third\">\n<div id=\"cmsmasters_heading_\" class=\"cmsmasters_heading_wrap cmsmasters_heading_align_left\">\n\t<h1 class=\"cmsmasters_heading cmsmasters-icon-custom-heart\"><\/h1>\n<\/div><div class=\"cmsmasters_text\">\n<p class=\"p1\"><span class=\"s1\">En nous signalant des notaires lesbiennes friendly pr\u00e8s de chez vous.<\/span><\/p>\n<\/div>\n<\/div>\n<\/div>\n<\/div>\n<\/div>\n<\/div>\n<\/div>\n\n","protected":false},"excerpt":{"rendered":"","protected":false},"author":1,"featured_media":0,"parent":0,"menu_order":0,"comment_status":"closed","ping_status":"closed","template":"","meta":{"footnotes":""},"class_list":["post-10","page","type-page","status-publish","hentry"],"translation":{"provider":"WPGlobus","version":"3.0.2","language":"en","enabled_languages":["fr","en"],"languages":{"fr":{"title":true,"content":true,"excerpt":false},"en":{"title":false,"content":false,"excerpt":false}}},"yoast_head":"<!-- This site is optimized with the Yoast SEO plugin v26.8 - https:\/\/yoast.com\/product\/yoast-seo-wordpress\/ -->\n<title>Agir ensemble &#8212; LIG<\/title>\n<meta name=\"robots\" content=\"index, follow, max-snippet:-1, max-image-preview:large, max-video-preview:-1\" \/>\n<link rel=\"canonical\" href=\"https:\/\/www.fondslesbien.org\/agir-ensemble\/\" \/>\n<meta property=\"og:locale\" content=\"en_US\" \/>\n<meta property=\"og:type\" content=\"article\" \/>\n<meta property=\"og:title\" content=\"Agir ensemble &#8212; LIG\" \/>\n<meta property=\"og:url\" content=\"https:\/\/www.fondslesbien.org\/agir-ensemble\/\" \/>\n<meta property=\"og:site_name\" content=\"LIG\" \/>\n<meta property=\"article:modified_time\" content=\"2019-07-11T17:17:14+00:00\" \/>\n<meta name=\"twitter:card\" content=\"summary_large_image\" \/>\n<meta name=\"twitter:label1\" content=\"Est. reading time\" \/>\n\t<meta name=\"twitter:data1\" content=\"6 minutes\" \/>\n<script type=\"application\/ld+json\" class=\"yoast-schema-graph\">{\"@context\":\"https:\/\/schema.org\",\"@graph\":[{\"@type\":\"WebPage\",\"@id\":\"https:\/\/www.fondslesbien.org\/agir-ensemble\/\",\"url\":\"https:\/\/www.fondslesbien.org\/agir-ensemble\/\",\"name\":\"Agir ensemble &#8212; LIG\",\"isPartOf\":{\"@id\":\"https:\/\/www.fondslesbien.org\/#website\"},\"datePublished\":\"2016-09-15T15:55:10+00:00\",\"dateModified\":\"2019-07-11T17:17:14+00:00\",\"breadcrumb\":{\"@id\":\"https:\/\/www.fondslesbien.org\/agir-ensemble\/#breadcrumb\"},\"inLanguage\":\"en-US\",\"potentialAction\":[{\"@type\":\"ReadAction\",\"target\":[\"https:\/\/www.fondslesbien.org\/agir-ensemble\/\"]}]},{\"@type\":\"BreadcrumbList\",\"@id\":\"https:\/\/www.fondslesbien.org\/agir-ensemble\/#breadcrumb\",\"itemListElement\":[{\"@type\":\"ListItem\",\"position\":1,\"name\":\"Home\",\"item\":\"https:\/\/www.fondslesbien.org\/\"},{\"@type\":\"ListItem\",\"position\":2,\"name\":\"Agir ensemble\"}]},{\"@type\":\"WebSite\",\"@id\":\"https:\/\/www.fondslesbien.org\/#website\",\"url\":\"https:\/\/www.fondslesbien.org\/\",\"name\":\"LIG\",\"description\":\"Lesbiennes d\u2019Int\u00e9r\u00eat G\u00e9n\u00e9ral\",\"potentialAction\":[{\"@type\":\"SearchAction\",\"target\":{\"@type\":\"EntryPoint\",\"urlTemplate\":\"https:\/\/www.fondslesbien.org\/?s={search_term_string}\"},\"query-input\":{\"@type\":\"PropertyValueSpecification\",\"valueRequired\":true,\"valueName\":\"search_term_string\"}}],\"inLanguage\":\"en-US\"}]}<\/script>\n<!-- \/ Yoast SEO plugin. -->","yoast_head_json":{"title":"Agir ensemble &#8212; LIG","robots":{"index":"index","follow":"follow","max-snippet":"max-snippet:-1","max-image-preview":"max-image-preview:large","max-video-preview":"max-video-preview:-1"},"canonical":"https:\/\/www.fondslesbien.org\/agir-ensemble\/","og_locale":"en_US","og_type":"article","og_title":"Agir ensemble &#8212; LIG","og_url":"https:\/\/www.fondslesbien.org\/agir-ensemble\/","og_site_name":"LIG","article_modified_time":"2019-07-11T17:17:14+00:00","twitter_card":"summary_large_image","twitter_misc":{"Est. reading time":"6 minutes"},"schema":{"@context":"https:\/\/schema.org","@graph":[{"@type":"WebPage","@id":"https:\/\/www.fondslesbien.org\/agir-ensemble\/","url":"https:\/\/www.fondslesbien.org\/agir-ensemble\/","name":"Agir ensemble &#8212; LIG","isPartOf":{"@id":"https:\/\/www.fondslesbien.org\/#website"},"datePublished":"2016-09-15T15:55:10+00:00","dateModified":"2019-07-11T17:17:14+00:00","breadcrumb":{"@id":"https:\/\/www.fondslesbien.org\/agir-ensemble\/#breadcrumb"},"inLanguage":"en-US","potentialAction":[{"@type":"ReadAction","target":["https:\/\/www.fondslesbien.org\/agir-ensemble\/"]}]},{"@type":"BreadcrumbList","@id":"https:\/\/www.fondslesbien.org\/agir-ensemble\/#breadcrumb","itemListElement":[{"@type":"ListItem","position":1,"name":"Home","item":"https:\/\/www.fondslesbien.org\/"},{"@type":"ListItem","position":2,"name":"Agir ensemble"}]},{"@type":"WebSite","@id":"https:\/\/www.fondslesbien.org\/#website","url":"https:\/\/www.fondslesbien.org\/","name":"LIG","description":"Lesbiennes d\u2019Int\u00e9r\u00eat G\u00e9n\u00e9ral","potentialAction":[{"@type":"SearchAction","target":{"@type":"EntryPoint","urlTemplate":"https:\/\/www.fondslesbien.org\/?s={search_term_string}"},"query-input":{"@type":"PropertyValueSpecification","valueRequired":true,"valueName":"search_term_string"}}],"inLanguage":"en-US"}]}},"_links":{"self":[{"href":"https:\/\/www.fondslesbien.org\/en\/wp-json\/wp\/v2\/pages\/10","targetHints":{"allow":["GET"]}}],"collection":[{"href":"https:\/\/www.fondslesbien.org\/en\/wp-json\/wp\/v2\/pages"}],"about":[{"href":"https:\/\/www.fondslesbien.org\/en\/wp-json\/wp\/v2\/types\/page"}],"author":[{"embeddable":true,"href":"https:\/\/www.fondslesbien.org\/en\/wp-json\/wp\/v2\/users\/1"}],"replies":[{"embeddable":true,"href":"https:\/\/www.fondslesbien.org\/en\/wp-json\/wp\/v2\/comments?post=10"}],"version-history":[{"count":97,"href":"https:\/\/www.fondslesbien.org\/en\/wp-json\/wp\/v2\/pages\/10\/revisions"}],"predecessor-version":[{"id":2101,"href":"https:\/\/www.fondslesbien.org\/en\/wp-json\/wp\/v2\/pages\/10\/revisions\/2101"}],"wp:attachment":[{"href":"https:\/\/www.fondslesbien.org\/en\/wp-json\/wp\/v2\/media?parent=10"}],"curies":[{"name":"wp","href":"https:\/\/api.w.org\/{rel}","templated":true}]}}