{"id":1356,"date":"2017-12-10T17:57:44","date_gmt":"2017-12-10T17:57:44","guid":{"rendered":"http:\/\/fondslesbien.org\/?page_id=1356"},"modified":"2019-07-11T17:18:52","modified_gmt":"2019-07-11T17:18:52","slug":"champs-action","status":"publish","type":"page","link":"https:\/\/www.fondslesbien.org\/en\/champs-action\/","title":{"rendered":"Les champs d&#8217;action"},"content":{"rendered":"<div id=\"cmsmasters_row_5sev114pl\" class=\"cmsmasters_row cmsmasters_color_scheme_default cmsmasters_row_top_default cmsmasters_row_bot_default cmsmasters_row_boxed\">\n<div class=\"cmsmasters_row_outer_parent\">\n<div class=\"cmsmasters_row_outer\">\n<div class=\"cmsmasters_row_inner\">\n<div class=\"cmsmasters_row_margin\">\n<div class=\"cmsmasters_column one_half\">\n<div id=\"cmsmasters_fb_adm6cclied\" class=\"cmsmasters_featured_block\">\n<div class=\"featured_block_inner\">\n<div class=\"featured_block_text\">\n<h2 style=\"text-align: center;\"><span style=\"color: #000000;\"><strong><span style=\"color: #ffffff;\">SOLIDARITE<\/span><\/strong><\/span><\/h2>\n<\/div>\n<\/div>\n<\/div>\n<div id=\"cmsmasters_fb_jeshn7njzc\" class=\"cmsmasters_featured_block\">\n<div class=\"featured_block_inner\">\n<div class=\"featured_block_text\">\n<p class=\"p1\"><span style=\"color: #000000;\">Promotion de\u00a0la solidarit\u00e9 et du d\u00e9veloppement de liens entre lesbiennes en privil\u00e9giant celles qui rencontrent des difficult\u00e9s en raison de leur vuln\u00e9rabilit\u00e9.<\/span><\/p>\n<ul>\n<li>Aide \u00e0 la cr\u00e9ation de lieux de vie collectif pour les lesbiennes \u00e2g\u00e9es et\/ou d\u00e9pendantes<\/li>\n<li>Accueil et h\u00e9bergement de r\u00e9fugi\u00e9es LGBTQI<\/li>\n<\/ul>\n<\/div>\n<\/div>\n<\/div>\n<\/div>\n<div class=\"cmsmasters_column one_half\">\n<div id=\"cmsmasters_fb_aujp05l7s\" class=\"cmsmasters_featured_block\">\n<div class=\"featured_block_inner\">\n<div class=\"featured_block_text\">\n<h2 style=\"text-align: center;\"><span style=\"color: #000000;\"><strong><span style=\"color: #ffffff;\">SANTE<\/span><\/strong><\/span><\/h2>\n<\/div>\n<\/div>\n<\/div>\n<div id=\"cmsmasters_fb_lh4y7ribb\" class=\"cmsmasters_featured_block\">\n<div class=\"featured_block_inner\">\n<div class=\"featured_block_text\">\n<p class=\"p1\"><span style=\"color: #000000;\">Des projets visant la pr\u00e9servation et\/ou l&#8217;am\u00e9lioration de la sant\u00e9 et du bien-\u00eatre des lesbiennes.<\/span><\/p>\n<ul>\n<li>Les actions d\u2019information, de pr\u00e9vention, de r\u00e9duction des risques en direction des lesbiennes<\/li>\n<li>Les actions qui visent \u00e0 encourager, soutenir et visibiliser la parole des lesbiennes sur les sujets relatifs \u00e0 leur sant\u00e9 et bien-\u00eatre<\/li>\n<li>Les actions de sensibilisation et de formation en direction des professionnel-le-s du soin et notamment gyn\u00e9cologue, m\u00e9decin g\u00e9n\u00e9raliste, radiologue, etc,.<\/li>\n<\/ul>\n<\/div>\n<\/div>\n<\/div>\n<\/div>\n<\/div>\n<\/div>\n<\/div>\n<\/div>\n<\/div>\n<div id=\"cmsmasters_row_h8b0dblt2\" class=\"cmsmasters_row cmsmasters_color_scheme_default cmsmasters_row_top_default cmsmasters_row_bot_default cmsmasters_row_boxed\">\n<div class=\"cmsmasters_row_outer_parent\">\n<div class=\"cmsmasters_row_outer\">\n<div class=\"cmsmasters_row_inner\">\n<div class=\"cmsmasters_row_margin\">\n<div class=\"cmsmasters_column one_half\">\n<div id=\"cmsmasters_fb_7m4glh6bq\" class=\"cmsmasters_featured_block\">\n<div class=\"featured_block_inner\">\n<div class=\"featured_block_text\">\n<h2 style=\"text-align: center;\"><span style=\"color: #000000;\"><strong><span style=\"color: #ffffff;\">EDUCATION ET\u00a0FORMATION<\/span><\/strong><\/span><\/h2>\n<\/div>\n<\/div>\n<\/div>\n<div id=\"cmsmasters_fb_6f0xtcwefm\" class=\"cmsmasters_featured_block\">\n<div class=\"featured_block_inner\">\n<div class=\"featured_block_text\">\n<p class=\"p1\"><span style=\"color: #000000;\">Sensibilisation et formation du grand public et professionnel-les.<\/span><\/p>\n<ul>\n<li>Lutte contre les discriminations en milieu scolaire<\/li>\n<li>Sensibilisation et formation du corps soignant aux sp\u00e9cificit\u00e9s de la sant\u00e9 des lesbiennes, bisexuelles et trans\u2019.<\/li>\n<\/ul>\n<\/div>\n<\/div>\n<\/div>\n<\/div>\n<div class=\"cmsmasters_column one_half\">\n<div id=\"cmsmasters_fb_cirpe1pys0\" class=\"cmsmasters_featured_block\">\n<div class=\"featured_block_inner\">\n<div class=\"featured_block_text\">\n<h2 style=\"text-align: center;\"><span style=\"color: #000000;\"><strong><span style=\"color: #ffffff;\">RECHERCHE\u00a0<\/span><\/strong><\/span><\/h2>\n<\/div>\n<\/div>\n<\/div>\n<div id=\"cmsmasters_fb_6e0c16resr\" class=\"cmsmasters_featured_block\">\n<div class=\"featured_block_inner\">\n<div class=\"featured_block_text\">\n<p class=\"p1\"><span style=\"color: #000000;\">Projet de recherche scientifique et m\u00e9dicale en sciences sociales et en sant\u00e9 publique.<\/span><\/p>\n<ul>\n<li>Diagnostic sur la situation des lesbiennes en France<\/li>\n<li>Recherche en sant\u00e9 publique : la sant\u00e9 des lesbiennes<\/li>\n<\/ul>\n<\/div>\n<\/div>\n<\/div>\n<\/div>\n<\/div>\n<\/div>\n<\/div>\n<\/div>\n<\/div>\n<div id=\"cmsmasters_row_7fgm2zevop\" class=\"cmsmasters_row cmsmasters_color_scheme_default cmsmasters_row_top_default cmsmasters_row_bot_default cmsmasters_row_boxed\">\n<div class=\"cmsmasters_row_outer_parent\">\n<div class=\"cmsmasters_row_outer\">\n<div class=\"cmsmasters_row_inner\">\n<div class=\"cmsmasters_row_margin\">\n<div class=\"cmsmasters_column one_half\">\n<div id=\"cmsmasters_fb_a1mrly4xr\" class=\"cmsmasters_featured_block\">\n<div class=\"featured_block_inner\">\n<div class=\"featured_block_text\">\n<h2 style=\"text-align: center;\"><span style=\"color: #000000;\"><strong><span style=\"color: #ffffff;\">ART<\/span><\/strong><\/span><\/h2>\n<\/div>\n<\/div>\n<\/div>\n<div id=\"cmsmasters_fb_fzplls7t9b\" class=\"cmsmasters_featured_block\">\n<div class=\"featured_block_inner\">\n<div class=\"featured_block_text\">\n<p class=\"p1\"><span style=\"color: #000000;\">Actions de soutien et de promotion des points de vue lesbiens et f\u00e9ministe dans les pratiques artistiques.<\/span><\/p>\n<ul>\n<li>Sous-titrage de fictions et de documentaires \u00e9trangers<\/li>\n<li>Bourse \u00e0 la cr\u00e9ation pour photographe, vid\u00e9aste, sc\u00e9nariste, musicienne, peintre, etc,.<\/li>\n<\/ul>\n<\/div>\n<\/div>\n<\/div>\n<\/div>\n<div class=\"cmsmasters_column one_half\">\n<div id=\"cmsmasters_fb_wej6lwie4h\" class=\"cmsmasters_featured_block\">\n<div class=\"featured_block_inner\">\n<div class=\"featured_block_text\">\n<h2 style=\"text-align: center;\"><span style=\"color: #000000;\"><strong><span style=\"color: #ffffff;\">SPORT<\/span><\/strong><\/span><\/h2>\n<\/div>\n<\/div>\n<\/div>\n<div id=\"cmsmasters_fb_a861htsdnl\" class=\"cmsmasters_featured_block\">\n<div class=\"featured_block_inner\">\n<div class=\"featured_block_text\">\n<p class=\"p1\"><span style=\"color: #000000;\">Soutien des actions promouvant l\u2019auto-support, la circulation et l\u2019\u00e9change des id\u00e9es, des savoirs et des modes de vie.<\/span><\/p>\n<ul>\n<li>Soutien aux \u00e9v\u00e9nements sportifs lesbiens<\/li>\n<li>Action de pr\u00e9vention de la violence et de la lesbophobie dans le sport<\/li>\n<\/ul>\n<\/div>\n<\/div>\n<\/div>\n<\/div>\n<\/div>\n<\/div>\n<\/div>\n<\/div>\n<\/div>\n\n","protected":false},"excerpt":{"rendered":"","protected":false},"author":1,"featured_media":0,"parent":0,"menu_order":0,"comment_status":"closed","ping_status":"closed","template":"","meta":{"footnotes":""},"class_list":["post-1356","page","type-page","status-publish","hentry"],"translation":{"provider":"WPGlobus","version":"3.0.2","language":"en","enabled_languages":["fr","en"],"languages":{"fr":{"title":true,"content":true,"excerpt":false},"en":{"title":false,"content":false,"excerpt":false}}},"yoast_head":"<!-- This site is optimized with the Yoast SEO plugin v26.8 - https:\/\/yoast.com\/product\/yoast-seo-wordpress\/ -->\n<title>Les champs d&#039;action &#8212; LIG<\/title>\n<meta name=\"robots\" content=\"index, follow, max-snippet:-1, max-image-preview:large, max-video-preview:-1\" \/>\n<link rel=\"canonical\" href=\"https:\/\/www.fondslesbien.org\/champs-action\/\" \/>\n<meta property=\"og:locale\" content=\"en_US\" \/>\n<meta property=\"og:type\" content=\"article\" \/>\n<meta property=\"og:title\" content=\"Les champs d&#039;action &#8212; LIG\" \/>\n<meta property=\"og:url\" content=\"https:\/\/www.fondslesbien.org\/champs-action\/\" \/>\n<meta property=\"og:site_name\" content=\"LIG\" \/>\n<meta property=\"article:modified_time\" content=\"2019-07-11T17:18:52+00:00\" \/>\n<meta name=\"twitter:card\" content=\"summary_large_image\" \/>\n<meta name=\"twitter:label1\" content=\"Est. reading time\" \/>\n\t<meta name=\"twitter:data1\" content=\"5 minutes\" \/>\n<script type=\"application\/ld+json\" class=\"yoast-schema-graph\">{\"@context\":\"https:\/\/schema.org\",\"@graph\":[{\"@type\":\"WebPage\",\"@id\":\"https:\/\/www.fondslesbien.org\/champs-action\/\",\"url\":\"https:\/\/www.fondslesbien.org\/champs-action\/\",\"name\":\"Les champs d'action &#8212; LIG\",\"isPartOf\":{\"@id\":\"https:\/\/www.fondslesbien.org\/#website\"},\"datePublished\":\"2017-12-10T17:57:44+00:00\",\"dateModified\":\"2019-07-11T17:18:52+00:00\",\"description\":\"La LIG soutient des projets dans le domaine de l\u2019activisme, de la recherche, de l\u2019enseignement, de la formation, des pratiques artistiques et du sport.\",\"breadcrumb\":{\"@id\":\"https:\/\/www.fondslesbien.org\/champs-action\/#breadcrumb\"},\"inLanguage\":\"en-US\",\"potentialAction\":[{\"@type\":\"ReadAction\",\"target\":[\"https:\/\/www.fondslesbien.org\/champs-action\/\"]}]},{\"@type\":\"BreadcrumbList\",\"@id\":\"https:\/\/www.fondslesbien.org\/champs-action\/#breadcrumb\",\"itemListElement\":[{\"@type\":\"ListItem\",\"position\":1,\"name\":\"Home\",\"item\":\"https:\/\/www.fondslesbien.org\/\"},{\"@type\":\"ListItem\",\"position\":2,\"name\":\"Les champs d&rsquo;action\"}]},{\"@type\":\"WebSite\",\"@id\":\"https:\/\/www.fondslesbien.org\/#website\",\"url\":\"https:\/\/www.fondslesbien.org\/\",\"name\":\"LIG\",\"description\":\"Lesbiennes d\u2019Int\u00e9r\u00eat G\u00e9n\u00e9ral\",\"potentialAction\":[{\"@type\":\"SearchAction\",\"target\":{\"@type\":\"EntryPoint\",\"urlTemplate\":\"https:\/\/www.fondslesbien.org\/?s={search_term_string}\"},\"query-input\":{\"@type\":\"PropertyValueSpecification\",\"valueRequired\":true,\"valueName\":\"search_term_string\"}}],\"inLanguage\":\"en-US\"}]}<\/script>\n<!-- \/ Yoast SEO plugin. -->","yoast_head_json":{"title":"Les champs d'action &#8212; LIG","robots":{"index":"index","follow":"follow","max-snippet":"max-snippet:-1","max-image-preview":"max-image-preview:large","max-video-preview":"max-video-preview:-1"},"canonical":"https:\/\/www.fondslesbien.org\/champs-action\/","og_locale":"en_US","og_type":"article","og_title":"Les champs d'action &#8212; LIG","og_url":"https:\/\/www.fondslesbien.org\/champs-action\/","og_site_name":"LIG","article_modified_time":"2019-07-11T17:18:52+00:00","twitter_card":"summary_large_image","twitter_misc":{"Est. reading time":"5 minutes"},"schema":{"@context":"https:\/\/schema.org","@graph":[{"@type":"WebPage","@id":"https:\/\/www.fondslesbien.org\/champs-action\/","url":"https:\/\/www.fondslesbien.org\/champs-action\/","name":"Les champs d'action &#8212; LIG","isPartOf":{"@id":"https:\/\/www.fondslesbien.org\/#website"},"datePublished":"2017-12-10T17:57:44+00:00","dateModified":"2019-07-11T17:18:52+00:00","description":"La LIG soutient des projets dans le domaine de l\u2019activisme, de la recherche, de l\u2019enseignement, de la formation, des pratiques artistiques et du sport.","breadcrumb":{"@id":"https:\/\/www.fondslesbien.org\/champs-action\/#breadcrumb"},"inLanguage":"en-US","potentialAction":[{"@type":"ReadAction","target":["https:\/\/www.fondslesbien.org\/champs-action\/"]}]},{"@type":"BreadcrumbList","@id":"https:\/\/www.fondslesbien.org\/champs-action\/#breadcrumb","itemListElement":[{"@type":"ListItem","position":1,"name":"Home","item":"https:\/\/www.fondslesbien.org\/"},{"@type":"ListItem","position":2,"name":"Les champs d&rsquo;action"}]},{"@type":"WebSite","@id":"https:\/\/www.fondslesbien.org\/#website","url":"https:\/\/www.fondslesbien.org\/","name":"LIG","description":"Lesbiennes d\u2019Int\u00e9r\u00eat G\u00e9n\u00e9ral","potentialAction":[{"@type":"SearchAction","target":{"@type":"EntryPoint","urlTemplate":"https:\/\/www.fondslesbien.org\/?s={search_term_string}"},"query-input":{"@type":"PropertyValueSpecification","valueRequired":true,"valueName":"search_term_string"}}],"inLanguage":"en-US"}]}},"_links":{"self":[{"href":"https:\/\/www.fondslesbien.org\/en\/wp-json\/wp\/v2\/pages\/1356","targetHints":{"allow":["GET"]}}],"collection":[{"href":"https:\/\/www.fondslesbien.org\/en\/wp-json\/wp\/v2\/pages"}],"about":[{"href":"https:\/\/www.fondslesbien.org\/en\/wp-json\/wp\/v2\/types\/page"}],"author":[{"embeddable":true,"href":"https:\/\/www.fondslesbien.org\/en\/wp-json\/wp\/v2\/users\/1"}],"replies":[{"embeddable":true,"href":"https:\/\/www.fondslesbien.org\/en\/wp-json\/wp\/v2\/comments?post=1356"}],"version-history":[{"count":6,"href":"https:\/\/www.fondslesbien.org\/en\/wp-json\/wp\/v2\/pages\/1356\/revisions"}],"predecessor-version":[{"id":2104,"href":"https:\/\/www.fondslesbien.org\/en\/wp-json\/wp\/v2\/pages\/1356\/revisions\/2104"}],"wp:attachment":[{"href":"https:\/\/www.fondslesbien.org\/en\/wp-json\/wp\/v2\/media?parent=1356"}],"curies":[{"name":"wp","href":"https:\/\/api.w.org\/{rel}","templated":true}]}}