{"id":337,"date":"2016-12-06T17:19:29","date_gmt":"2016-12-06T17:19:29","guid":{"rendered":"http:\/\/fondslesbien.org\/?page_id=337"},"modified":"2017-05-10T15:47:38","modified_gmt":"2017-05-10T15:47:38","slug":"mentions-legales","status":"publish","type":"page","link":"https:\/\/www.fondslesbien.org\/en\/mentions-legales\/","title":{"rendered":"Mentions l\u00e9gales"},"content":{"rendered":"<hr \/>\n<p>Conform\u00e9ment aux dispositions de l\u2019article 6 III 1 de la loi n\u00b02004-575 du 21 juin 2004 pour la confiance dans l\u2019\u00e9conomie num\u00e9rique, l\u2019utilisateur du site internet http:\/\/fondslesbien.org (ci-apr\u00e8s, \u00ab\u00a0le Site\u00a0\u00bb) est inform\u00e9 des mentions l\u00e9gales suivantes\u00a0:<br \/>\n<span style=\"color: #800080;\">Site accessible \u00e0 partir de l\u2019URL<\/span>\u00a0: http:\/\/fondslesbien.org<\/p>\n<p><span style=\"color: #800080;\">Editeur\u00a0du site<\/span><br \/>\nL\u2019\u00e9diteur du site est &#8221; Fonds de Dotation Lesbiennes d&#8217;Int\u00e9r\u00eat G\u00e9n\u00e9ral &#8211; La LIG &#8220;, &#8211; Association 9220 d\u00e9clar\u00e9e dont le si\u00e8ge social est situ\u00e9 s\/c Centre LGBT Paris-Ile-de-France 63, rue Beaubourg 75003 Paris.<br \/>\nAdresse email\u00a0: <a href=\"mailto:contactlig@fondslesbien.org\">contactlig@fondslesbien.org<\/a><\/p>\n<p><span style=\"color: #800080;\">Directrice de la Publication<\/span>\u00a0: Alix B\u00e9ranger<\/p>\n<p><span style=\"color: #800080;\">H\u00e9bergeur<\/span>\u00a0:<br \/>\nLe site est h\u00e9berg\u00e9 en France sur les serveurs de la soci\u00e9t\u00e9 OVH, dont le si\u00e8ge social est situ\u00e9\u00a0au\u00a02 rue Kellermann,\u00a059053 ROUBAIX Cedex 1<br \/>\nAdresse email\u00a0: support@ovh.com<\/p>\n<p><span style=\"color: #800080;\">Conception et r\u00e9alisation du Site<\/span> :<br \/>\nCe site internet a \u00e9t\u00e9 r\u00e9alis\u00e9 avec WordPress par Marta Bencich<\/p>\n<p><span style=\"color: #800080;\">Confidentialit\u00e9 des courriers<\/span><br \/>\nInformations relatives \u00e0 l&#8217;envoi de courriers \u00e9lectroniques.<br \/>\nNous vous informons que : &#8211; le secret des correspondances transmises par le r\u00e9seau Internet n&#8217;est pas garanti ; &#8211; que les courriers \u00e9lectroniques sont conserv\u00e9s sur support informatique le temps pour l&#8217;administration de fournir une r\u00e9ponse.<\/p>\n<hr \/>\n<p>&nbsp;<\/p>\n","protected":false},"excerpt":{"rendered":"<p>Conform\u00e9ment aux dispositions de l\u2019article 6 III 1 de la loi n\u00b02004-575 du 21 juin 2004 pour la confiance dans l\u2019\u00e9conomie num\u00e9rique, l\u2019utilisateur du site internet http:\/\/fondslesbien.org (ci-apr\u00e8s, \u00ab\u00a0le Site\u00a0\u00bb) est inform\u00e9 des mentions l\u00e9gales suivantes\u00a0: Site accessible \u00e0 partir de l\u2019URL\u00a0: http:\/\/fondslesbien.org Editeur\u00a0du site L\u2019\u00e9diteur du site est &#8221; Fonds de Dotation Lesbiennes d&#8217;Int\u00e9r\u00eat&#8230;<\/p>\n","protected":false},"author":1,"featured_media":0,"parent":0,"menu_order":0,"comment_status":"closed","ping_status":"closed","template":"","meta":{"footnotes":""},"class_list":["post-337","page","type-page","status-publish","hentry"],"translation":{"provider":"WPGlobus","version":"3.0.2","language":"en","enabled_languages":["fr","en"],"languages":{"fr":{"title":true,"content":true,"excerpt":false},"en":{"title":false,"content":false,"excerpt":false}}},"yoast_head":"<!-- This site is optimized with the Yoast SEO plugin v26.8 - https:\/\/yoast.com\/product\/yoast-seo-wordpress\/ -->\n<title>Mentions l\u00e9gales &#8212; LIG<\/title>\n<meta name=\"robots\" content=\"index, follow, max-snippet:-1, max-image-preview:large, max-video-preview:-1\" \/>\n<link rel=\"canonical\" href=\"https:\/\/www.fondslesbien.org\/mentions-legales\/\" \/>\n<meta property=\"og:locale\" content=\"en_US\" \/>\n<meta property=\"og:type\" content=\"article\" \/>\n<meta property=\"og:title\" content=\"Mentions l\u00e9gales &#8212; LIG\" \/>\n<meta property=\"og:url\" content=\"https:\/\/www.fondslesbien.org\/mentions-legales\/\" \/>\n<meta property=\"og:site_name\" content=\"LIG\" \/>\n<meta property=\"article:modified_time\" content=\"2017-05-10T15:47:38+00:00\" \/>\n<meta name=\"twitter:card\" content=\"summary_large_image\" \/>\n<meta name=\"twitter:label1\" content=\"Est. reading time\" \/>\n\t<meta name=\"twitter:data1\" content=\"1 minute\" \/>\n<script type=\"application\/ld+json\" class=\"yoast-schema-graph\">{\"@context\":\"https:\/\/schema.org\",\"@graph\":[{\"@type\":\"WebPage\",\"@id\":\"https:\/\/www.fondslesbien.org\/mentions-legales\/\",\"url\":\"https:\/\/www.fondslesbien.org\/mentions-legales\/\",\"name\":\"Mentions l\u00e9gales &#8212; LIG\",\"isPartOf\":{\"@id\":\"https:\/\/www.fondslesbien.org\/#website\"},\"datePublished\":\"2016-12-06T17:19:29+00:00\",\"dateModified\":\"2017-05-10T15:47:38+00:00\",\"breadcrumb\":{\"@id\":\"https:\/\/www.fondslesbien.org\/mentions-legales\/#breadcrumb\"},\"inLanguage\":\"en-US\",\"potentialAction\":[{\"@type\":\"ReadAction\",\"target\":[\"https:\/\/www.fondslesbien.org\/mentions-legales\/\"]}]},{\"@type\":\"BreadcrumbList\",\"@id\":\"https:\/\/www.fondslesbien.org\/mentions-legales\/#breadcrumb\",\"itemListElement\":[{\"@type\":\"ListItem\",\"position\":1,\"name\":\"Home\",\"item\":\"https:\/\/www.fondslesbien.org\/\"},{\"@type\":\"ListItem\",\"position\":2,\"name\":\"Mentions l\u00e9gales\"}]},{\"@type\":\"WebSite\",\"@id\":\"https:\/\/www.fondslesbien.org\/#website\",\"url\":\"https:\/\/www.fondslesbien.org\/\",\"name\":\"LIG\",\"description\":\"Lesbiennes d\u2019Int\u00e9r\u00eat G\u00e9n\u00e9ral\",\"potentialAction\":[{\"@type\":\"SearchAction\",\"target\":{\"@type\":\"EntryPoint\",\"urlTemplate\":\"https:\/\/www.fondslesbien.org\/?s={search_term_string}\"},\"query-input\":{\"@type\":\"PropertyValueSpecification\",\"valueRequired\":true,\"valueName\":\"search_term_string\"}}],\"inLanguage\":\"en-US\"}]}<\/script>\n<!-- \/ Yoast SEO plugin. -->","yoast_head_json":{"title":"Mentions l\u00e9gales &#8212; LIG","robots":{"index":"index","follow":"follow","max-snippet":"max-snippet:-1","max-image-preview":"max-image-preview:large","max-video-preview":"max-video-preview:-1"},"canonical":"https:\/\/www.fondslesbien.org\/mentions-legales\/","og_locale":"en_US","og_type":"article","og_title":"Mentions l\u00e9gales &#8212; LIG","og_url":"https:\/\/www.fondslesbien.org\/mentions-legales\/","og_site_name":"LIG","article_modified_time":"2017-05-10T15:47:38+00:00","twitter_card":"summary_large_image","twitter_misc":{"Est. reading time":"1 minute"},"schema":{"@context":"https:\/\/schema.org","@graph":[{"@type":"WebPage","@id":"https:\/\/www.fondslesbien.org\/mentions-legales\/","url":"https:\/\/www.fondslesbien.org\/mentions-legales\/","name":"Mentions l\u00e9gales &#8212; LIG","isPartOf":{"@id":"https:\/\/www.fondslesbien.org\/#website"},"datePublished":"2016-12-06T17:19:29+00:00","dateModified":"2017-05-10T15:47:38+00:00","breadcrumb":{"@id":"https:\/\/www.fondslesbien.org\/mentions-legales\/#breadcrumb"},"inLanguage":"en-US","potentialAction":[{"@type":"ReadAction","target":["https:\/\/www.fondslesbien.org\/mentions-legales\/"]}]},{"@type":"BreadcrumbList","@id":"https:\/\/www.fondslesbien.org\/mentions-legales\/#breadcrumb","itemListElement":[{"@type":"ListItem","position":1,"name":"Home","item":"https:\/\/www.fondslesbien.org\/"},{"@type":"ListItem","position":2,"name":"Mentions l\u00e9gales"}]},{"@type":"WebSite","@id":"https:\/\/www.fondslesbien.org\/#website","url":"https:\/\/www.fondslesbien.org\/","name":"LIG","description":"Lesbiennes d\u2019Int\u00e9r\u00eat G\u00e9n\u00e9ral","potentialAction":[{"@type":"SearchAction","target":{"@type":"EntryPoint","urlTemplate":"https:\/\/www.fondslesbien.org\/?s={search_term_string}"},"query-input":{"@type":"PropertyValueSpecification","valueRequired":true,"valueName":"search_term_string"}}],"inLanguage":"en-US"}]}},"_links":{"self":[{"href":"https:\/\/www.fondslesbien.org\/en\/wp-json\/wp\/v2\/pages\/337","targetHints":{"allow":["GET"]}}],"collection":[{"href":"https:\/\/www.fondslesbien.org\/en\/wp-json\/wp\/v2\/pages"}],"about":[{"href":"https:\/\/www.fondslesbien.org\/en\/wp-json\/wp\/v2\/types\/page"}],"author":[{"embeddable":true,"href":"https:\/\/www.fondslesbien.org\/en\/wp-json\/wp\/v2\/users\/1"}],"replies":[{"embeddable":true,"href":"https:\/\/www.fondslesbien.org\/en\/wp-json\/wp\/v2\/comments?post=337"}],"version-history":[{"count":10,"href":"https:\/\/www.fondslesbien.org\/en\/wp-json\/wp\/v2\/pages\/337\/revisions"}],"predecessor-version":[{"id":1891,"href":"https:\/\/www.fondslesbien.org\/en\/wp-json\/wp\/v2\/pages\/337\/revisions\/1891"}],"wp:attachment":[{"href":"https:\/\/www.fondslesbien.org\/en\/wp-json\/wp\/v2\/media?parent=337"}],"curies":[{"name":"wp","href":"https:\/\/api.w.org\/{rel}","templated":true}]}}