{"id":379,"date":"2016-12-14T20:14:45","date_gmt":"2016-12-14T20:14:45","guid":{"rendered":"http:\/\/fondslesbien.org\/?page_id=379"},"modified":"2025-12-30T12:47:12","modified_gmt":"2025-12-30T11:47:12","slug":"deposer-un-projet","status":"publish","type":"page","link":"https:\/\/www.fondslesbien.org\/en\/deposer-un-projet\/","title":{"rendered":"D\u00e9poser un projet"},"content":{"rendered":"<div id=\"cmsmasters_row_bvv5wm5itc\" class=\"cmsmasters_row cmsmasters_color_scheme_default cmsmasters_row_top_default cmsmasters_row_bot_default cmsmasters_row_boxed\">\n<div class=\"cmsmasters_row_outer_parent\">\n<div class=\"cmsmasters_row_outer\">\n<div class=\"cmsmasters_row_inner\">\n<div class=\"cmsmasters_row_margin\">\n<div class=\"cmsmasters_column one_first\">\n<div class=\"cmsmasters_text\">\n<h1>Vous avez un projet et vous souhaitez obtenir un soutien financier du fonds de dotation\u00a0?<\/h1>\n<\/div>\n<div class=\"cmsmasters_text\">\n<h3><\/h3>\n<h3><span style=\"background-color: #ffffff;\">Nous vous invitons \u00e0 remplir soigneusement <a style=\"background-color: #ffffff;\" href=\"http:\/\/fondslesbien.org\/wp-content\/uploads\/2016\/12\/Formulaire-de-demande-de-financement.doc\">la lettre de candidature<\/a> (attention, changer de navigateur si le lien ne marche pas) et nous la renvoyer compl\u00e9t\u00e9e par mail \u00e0 <a style=\"background-color: #ffffff;\" href=\"mailto:contactlig@fondslesbien.org\">contactlig@fondslesbien.org<\/a><\/span><\/h3>\n<h3><span style=\"background-color: #ffffff;\">PROCHAINE DATE LIMITE POUR DEPOSER UN DOSSIER: 10 MAI 2026. Les r\u00e9ponses vous seront communiqu\u00e9 avant la fin du mois de novembre.<\/span><\/h3>\n<h3><span style=\"background-color: #ffffff;\">En cas de pr\u00e9s\u00e9lection de votre projet, il vous sera demand\u00e9 de nous fournir des \u00e9l\u00e9ments compl\u00e9mentaires\u00a0: budget, documents administratifs (statut, parution au JO), etc. La LIG ne peut pas financer des projets individuels ou des entreprises priv\u00e9es, mais exclusivement des initiatives port\u00e9es par des associations \u00e0 but non lucratif.<\/span><\/h3>\n<h3><span style=\"background-color: #ffffff;\">Merci de bien renseigner toutes les rubriques et particuli\u00e8rement vos coordonn\u00e9es afin que nous puissions vous recontacter.<\/span><\/h3>\n<\/div>\n<h3><span style=\"background-color: #ffffff;\">Pour rappel: la LIG octroie des financements d&#8217;amorce, qui varient entre 200 et 2000 euros. La LIG n&#8217;a pas vocation a se substituer aux financements publics, mais \u00e0 donner les moyens \u00e0 des projets peu financ\u00e9s par ailleurs d&#8217;avoir un premier coup de pouce. Les projets soutenus doivent avoir une dimension lesbienne clairement identifiable.<\/span><\/h3>\n<div id=\"cmsmasters_divider_\" class=\"cmsmasters_divider cmsmasters_divider_width_long cmsmasters_divider_pos_center\"><\/div>\n<\/div>\n<\/div>\n<\/div>\n<\/div>\n<\/div>\n<\/div>\n<div id=\"cmsmasters_row_75r0a5kz4f\" class=\"cmsmasters_row cmsmasters_color_scheme_default cmsmasters_row_top_default cmsmasters_row_bot_default cmsmasters_row_boxed\">\n<div class=\"cmsmasters_row_outer_parent\">\n<div class=\"cmsmasters_row_outer\">\n<div class=\"cmsmasters_row_inner\">\n<div class=\"cmsmasters_row_margin\">\n<div class=\"cmsmasters_column one_third\">\n<\/div>\n<div class=\"cmsmasters_column two_third\">\n<\/div>\n<\/div>\n<\/div>\n<\/div>\n<\/div>\n<\/div>\n<div id=\"cmsmasters_row_ap4tidssn\" class=\"cmsmasters_row cmsmasters_color_scheme_default cmsmasters_row_top_default cmsmasters_row_bot_default cmsmasters_row_boxed\">\n<div class=\"cmsmasters_row_outer_parent\">\n<div class=\"cmsmasters_row_outer\">\n<div class=\"cmsmasters_row_inner\">\n<div class=\"cmsmasters_row_margin\">\n<div class=\"cmsmasters_column one_first\">\n<div id=\"cmsmasters_divider_\" class=\"cmsmasters_divider cmsmasters_divider_width_long cmsmasters_divider_pos_center\"><\/div>\n<\/div>\n<\/div>\n<\/div>\n<\/div>\n<\/div>\n<\/div>\n\n","protected":false},"excerpt":{"rendered":"","protected":false},"author":1,"featured_media":0,"parent":0,"menu_order":0,"comment_status":"closed","ping_status":"closed","template":"","meta":{"footnotes":""},"class_list":["post-379","page","type-page","status-publish","hentry"],"translation":{"provider":"WPGlobus","version":"3.0.2","language":"en","enabled_languages":["fr","en"],"languages":{"fr":{"title":true,"content":true,"excerpt":false},"en":{"title":false,"content":false,"excerpt":false}}},"yoast_head":"<!-- This site is optimized with the Yoast SEO plugin v26.8 - https:\/\/yoast.com\/product\/yoast-seo-wordpress\/ -->\n<title>D\u00e9poser un projet &#8212; LIG<\/title>\n<meta name=\"robots\" content=\"index, follow, max-snippet:-1, max-image-preview:large, max-video-preview:-1\" \/>\n<link rel=\"canonical\" href=\"https:\/\/www.fondslesbien.org\/deposer-un-projet\/\" \/>\n<meta property=\"og:locale\" content=\"en_US\" \/>\n<meta property=\"og:type\" content=\"article\" \/>\n<meta property=\"og:title\" content=\"D\u00e9poser un projet &#8212; LIG\" \/>\n<meta property=\"og:url\" content=\"https:\/\/www.fondslesbien.org\/deposer-un-projet\/\" \/>\n<meta property=\"og:site_name\" content=\"LIG\" \/>\n<meta property=\"article:modified_time\" content=\"2025-12-30T11:47:12+00:00\" \/>\n<meta name=\"twitter:card\" content=\"summary_large_image\" \/>\n<meta name=\"twitter:label1\" content=\"Est. reading time\" \/>\n\t<meta name=\"twitter:data1\" content=\"2 minutes\" \/>\n<script type=\"application\/ld+json\" class=\"yoast-schema-graph\">{\"@context\":\"https:\/\/schema.org\",\"@graph\":[{\"@type\":\"WebPage\",\"@id\":\"https:\/\/www.fondslesbien.org\/deposer-un-projet\/\",\"url\":\"https:\/\/www.fondslesbien.org\/deposer-un-projet\/\",\"name\":\"D\u00e9poser un projet &#8212; LIG\",\"isPartOf\":{\"@id\":\"https:\/\/www.fondslesbien.org\/#website\"},\"datePublished\":\"2016-12-14T20:14:45+00:00\",\"dateModified\":\"2025-12-30T11:47:12+00:00\",\"breadcrumb\":{\"@id\":\"https:\/\/www.fondslesbien.org\/deposer-un-projet\/#breadcrumb\"},\"inLanguage\":\"en-US\",\"potentialAction\":[{\"@type\":\"ReadAction\",\"target\":[\"https:\/\/www.fondslesbien.org\/deposer-un-projet\/\"]}]},{\"@type\":\"BreadcrumbList\",\"@id\":\"https:\/\/www.fondslesbien.org\/deposer-un-projet\/#breadcrumb\",\"itemListElement\":[{\"@type\":\"ListItem\",\"position\":1,\"name\":\"Home\",\"item\":\"https:\/\/www.fondslesbien.org\/\"},{\"@type\":\"ListItem\",\"position\":2,\"name\":\"D\u00e9poser un projet\"}]},{\"@type\":\"WebSite\",\"@id\":\"https:\/\/www.fondslesbien.org\/#website\",\"url\":\"https:\/\/www.fondslesbien.org\/\",\"name\":\"LIG\",\"description\":\"Lesbiennes d\u2019Int\u00e9r\u00eat G\u00e9n\u00e9ral\",\"potentialAction\":[{\"@type\":\"SearchAction\",\"target\":{\"@type\":\"EntryPoint\",\"urlTemplate\":\"https:\/\/www.fondslesbien.org\/?s={search_term_string}\"},\"query-input\":{\"@type\":\"PropertyValueSpecification\",\"valueRequired\":true,\"valueName\":\"search_term_string\"}}],\"inLanguage\":\"en-US\"}]}<\/script>\n<!-- \/ Yoast SEO plugin. -->","yoast_head_json":{"title":"D\u00e9poser un projet &#8212; LIG","robots":{"index":"index","follow":"follow","max-snippet":"max-snippet:-1","max-image-preview":"max-image-preview:large","max-video-preview":"max-video-preview:-1"},"canonical":"https:\/\/www.fondslesbien.org\/deposer-un-projet\/","og_locale":"en_US","og_type":"article","og_title":"D\u00e9poser un projet &#8212; LIG","og_url":"https:\/\/www.fondslesbien.org\/deposer-un-projet\/","og_site_name":"LIG","article_modified_time":"2025-12-30T11:47:12+00:00","twitter_card":"summary_large_image","twitter_misc":{"Est. reading time":"2 minutes"},"schema":{"@context":"https:\/\/schema.org","@graph":[{"@type":"WebPage","@id":"https:\/\/www.fondslesbien.org\/deposer-un-projet\/","url":"https:\/\/www.fondslesbien.org\/deposer-un-projet\/","name":"D\u00e9poser un projet &#8212; LIG","isPartOf":{"@id":"https:\/\/www.fondslesbien.org\/#website"},"datePublished":"2016-12-14T20:14:45+00:00","dateModified":"2025-12-30T11:47:12+00:00","breadcrumb":{"@id":"https:\/\/www.fondslesbien.org\/deposer-un-projet\/#breadcrumb"},"inLanguage":"en-US","potentialAction":[{"@type":"ReadAction","target":["https:\/\/www.fondslesbien.org\/deposer-un-projet\/"]}]},{"@type":"BreadcrumbList","@id":"https:\/\/www.fondslesbien.org\/deposer-un-projet\/#breadcrumb","itemListElement":[{"@type":"ListItem","position":1,"name":"Home","item":"https:\/\/www.fondslesbien.org\/"},{"@type":"ListItem","position":2,"name":"D\u00e9poser un projet"}]},{"@type":"WebSite","@id":"https:\/\/www.fondslesbien.org\/#website","url":"https:\/\/www.fondslesbien.org\/","name":"LIG","description":"Lesbiennes d\u2019Int\u00e9r\u00eat G\u00e9n\u00e9ral","potentialAction":[{"@type":"SearchAction","target":{"@type":"EntryPoint","urlTemplate":"https:\/\/www.fondslesbien.org\/?s={search_term_string}"},"query-input":{"@type":"PropertyValueSpecification","valueRequired":true,"valueName":"search_term_string"}}],"inLanguage":"en-US"}]}},"_links":{"self":[{"href":"https:\/\/www.fondslesbien.org\/en\/wp-json\/wp\/v2\/pages\/379","targetHints":{"allow":["GET"]}}],"collection":[{"href":"https:\/\/www.fondslesbien.org\/en\/wp-json\/wp\/v2\/pages"}],"about":[{"href":"https:\/\/www.fondslesbien.org\/en\/wp-json\/wp\/v2\/types\/page"}],"author":[{"embeddable":true,"href":"https:\/\/www.fondslesbien.org\/en\/wp-json\/wp\/v2\/users\/1"}],"replies":[{"embeddable":true,"href":"https:\/\/www.fondslesbien.org\/en\/wp-json\/wp\/v2\/comments?post=379"}],"version-history":[{"count":30,"href":"https:\/\/www.fondslesbien.org\/en\/wp-json\/wp\/v2\/pages\/379\/revisions"}],"predecessor-version":[{"id":3007,"href":"https:\/\/www.fondslesbien.org\/en\/wp-json\/wp\/v2\/pages\/379\/revisions\/3007"}],"wp:attachment":[{"href":"https:\/\/www.fondslesbien.org\/en\/wp-json\/wp\/v2\/media?parent=379"}],"curies":[{"name":"wp","href":"https:\/\/api.w.org\/{rel}","templated":true}]}}